{"id":6111,"date":"2022-09-29T09:55:03","date_gmt":"2022-09-29T09:55:03","guid":{"rendered":"https:\/\/novaweb.naranjasdealcanar.com\/?post_type=product&#038;p=6111"},"modified":"2025-12-09T08:52:28","modified_gmt":"2025-12-09T07:52:28","slug":"mandarina-clementina-10kg","status":"publish","type":"product","link":"https:\/\/www.naranjasdealcanar.com\/es\/comprar-online\/mandarina-clementina-10kg\/","title":{"rendered":"Mandarina Clementina 10Kg"},"content":{"rendered":"<p>Caja de 10 kg aprox. de mandarina clementina.<\/p>\n<p><strong>Temporada<\/strong>: noviembre y diciembre<\/p>\n<p><strong>Caracter\u00edsticas<\/strong>:<br \/>\nVariedad de\u00a0<strong>maduraci\u00f3n temprana<\/strong>.<br \/>\nSon frutas f\u00e1ciles de pelar, con\u00a0<strong>mucho jugo<\/strong>, de\u00a0<strong>buena calidad<\/strong>\u00a0y\u00a0<strong>sin semillas<\/strong>.<br \/>\nSu \u00e9poca de recolecci\u00f3n es noviembre y diciembre.<\/p>\n<p>&nbsp;<\/p>\n<h3>Mandarina clementina<\/h3>\n<p>La variedad de mandarinas Clementinas es\u00a0<strong>la m\u00e1s aut\u00f3ctona que se puede encontrar<\/strong>,\u00a0<strong>descubierta en la provincia de Castell\u00f3n hace m\u00e1s de 40 a\u00f1os<\/strong>. A pesar de no ser una mandarina 100% (ya que naci\u00f3 de la hibridaci\u00f3n de la mandarina y la naranja amarga) es una fruta con unas cualidades que la hacen excepcional.<\/p>\n<p>Las Clementinas tienen la caracter\u00edstica de\u00a0<strong>no tener semillas<\/strong>\u00a0y es que, adem\u00e1s de ser\u00a0<strong>m\u00e1s c\u00f3modas de comer que las mandarinas comunes<\/strong>, tambi\u00e9n presentan un<strong>\u00a0sabor mucho m\u00e1s dulce y complejo<\/strong>\u00a0ya que podemos encontrar toques agrios muy sutiles. Adem\u00e1s, suelen caracterizarse por\u00a0<strong>pelarse con bastante facilidad<\/strong>\u00a0y tener unos\u00a0<strong>gajos que se separan muy f\u00e1cilmente<\/strong>.<\/p>\n","protected":false},"excerpt":{"rendered":"<p>Caja de 10 kg aprox. de mandarina clementina.<\/p>\n","protected":false},"featured_media":13185,"template":"","meta":[],"product_cat":[330,103,15],"product_tag":[],"class_list":{"0":"post-6111","1":"product","2":"type-product","3":"status-publish","4":"has-post-thumbnail","6":"product_cat-desc-10kg-es","7":"product_cat-mandarina-clementina","8":"product_cat-mandarinas","10":"first","11":"outofstock","12":"taxable","13":"shipping-taxable","14":"purchasable","15":"product-type-simple"},"yoast_head":"<!-- This site is optimized with the Yoast SEO plugin v27.5 - https:\/\/yoast.com\/product\/yoast-seo-wordpress\/ -->\n<title>Mandarina Clementina 10Kg - Naranjas de Alcanar<\/title>\n<meta name=\"robots\" content=\"index, follow, max-snippet:-1, max-image-preview:large, max-video-preview:-1\" \/>\n<link rel=\"canonical\" href=\"https:\/\/www.naranjasdealcanar.com\/es\/comprar-online\/mandarina-clementina-10kg\/\" \/>\n<meta property=\"og:locale\" content=\"es_ES\" \/>\n<meta property=\"og:type\" content=\"article\" \/>\n<meta property=\"og:title\" content=\"Mandarina Clementina 10Kg - Naranjas de Alcanar\" \/>\n<meta property=\"og:description\" content=\"Caja de 10 kg aprox. de mandarina clementina.\" \/>\n<meta property=\"og:url\" content=\"https:\/\/www.naranjasdealcanar.com\/es\/comprar-online\/mandarina-clementina-10kg\/\" \/>\n<meta property=\"og:site_name\" content=\"Naranjas de Alcanar\" \/>\n<meta property=\"article:modified_time\" content=\"2025-12-09T07:52:28+00:00\" \/>\n<meta property=\"og:image\" content=\"https:\/\/www.naranjasdealcanar.com\/wp-content\/uploads\/2024\/11\/clementines-optim.jpg\" \/>\n\t<meta property=\"og:image:width\" content=\"700\" \/>\n\t<meta property=\"og:image:height\" content=\"700\" \/>\n\t<meta property=\"og:image:type\" content=\"image\/jpeg\" \/>\n<meta name=\"twitter:card\" content=\"summary_large_image\" \/>\n<meta name=\"twitter:label1\" content=\"Tiempo de lectura\" \/>\n\t<meta name=\"twitter:data1\" content=\"1 minuto\" \/>\n<script type=\"application\/ld+json\" class=\"yoast-schema-graph\">{\"@context\":\"https:\\\/\\\/schema.org\",\"@graph\":[{\"@type\":\"WebPage\",\"@id\":\"https:\\\/\\\/www.naranjasdealcanar.com\\\/es\\\/comprar-online\\\/mandarina-clementina-10kg\\\/\",\"url\":\"https:\\\/\\\/www.naranjasdealcanar.com\\\/es\\\/comprar-online\\\/mandarina-clementina-10kg\\\/\",\"name\":\"Mandarina Clementina 10Kg - Naranjas de Alcanar\",\"isPartOf\":{\"@id\":\"https:\\\/\\\/www.naranjasdealcanar.com\\\/#website\"},\"primaryImageOfPage\":{\"@id\":\"https:\\\/\\\/www.naranjasdealcanar.com\\\/es\\\/comprar-online\\\/mandarina-clementina-10kg\\\/#primaryimage\"},\"image\":{\"@id\":\"https:\\\/\\\/www.naranjasdealcanar.com\\\/es\\\/comprar-online\\\/mandarina-clementina-10kg\\\/#primaryimage\"},\"thumbnailUrl\":\"https:\\\/\\\/www.naranjasdealcanar.com\\\/wp-content\\\/uploads\\\/2024\\\/11\\\/clementines-optim.jpg\",\"datePublished\":\"2022-09-29T09:55:03+00:00\",\"dateModified\":\"2025-12-09T07:52:28+00:00\",\"breadcrumb\":{\"@id\":\"https:\\\/\\\/www.naranjasdealcanar.com\\\/es\\\/comprar-online\\\/mandarina-clementina-10kg\\\/#breadcrumb\"},\"inLanguage\":\"es\",\"potentialAction\":[{\"@type\":\"ReadAction\",\"target\":[\"https:\\\/\\\/www.naranjasdealcanar.com\\\/es\\\/comprar-online\\\/mandarina-clementina-10kg\\\/\"]}]},{\"@type\":\"ImageObject\",\"inLanguage\":\"es\",\"@id\":\"https:\\\/\\\/www.naranjasdealcanar.com\\\/es\\\/comprar-online\\\/mandarina-clementina-10kg\\\/#primaryimage\",\"url\":\"https:\\\/\\\/www.naranjasdealcanar.com\\\/wp-content\\\/uploads\\\/2024\\\/11\\\/clementines-optim.jpg\",\"contentUrl\":\"https:\\\/\\\/www.naranjasdealcanar.com\\\/wp-content\\\/uploads\\\/2024\\\/11\\\/clementines-optim.jpg\",\"width\":700,\"height\":700},{\"@type\":\"BreadcrumbList\",\"@id\":\"https:\\\/\\\/www.naranjasdealcanar.com\\\/es\\\/comprar-online\\\/mandarina-clementina-10kg\\\/#breadcrumb\",\"itemListElement\":[{\"@type\":\"ListItem\",\"position\":1,\"name\":\"Portada\",\"item\":\"https:\\\/\\\/www.naranjasdealcanar.com\\\/\"},{\"@type\":\"ListItem\",\"position\":2,\"name\":\"Comprar online\",\"item\":\"https:\\\/\\\/www.naranjasdealcanar.com\\\/es\\\/comprar-online\\\/\"},{\"@type\":\"ListItem\",\"position\":3,\"name\":\"Mandarina Clementina 10Kg\"}]},{\"@type\":\"WebSite\",\"@id\":\"https:\\\/\\\/www.naranjasdealcanar.com\\\/#website\",\"url\":\"https:\\\/\\\/www.naranjasdealcanar.com\\\/\",\"name\":\"Naranjas de Alcanar\",\"description\":\"Comprar naranjas y mandarinas clementinas naturales, frescas y de calidad. Naranjas de Alcanar. C\u00edtricos y fruta fresca de Alcanar. Del \u00e1rbol a casa en 24 h.\",\"publisher\":{\"@id\":\"https:\\\/\\\/www.naranjasdealcanar.com\\\/#organization\"},\"potentialAction\":[{\"@type\":\"SearchAction\",\"target\":{\"@type\":\"EntryPoint\",\"urlTemplate\":\"https:\\\/\\\/www.naranjasdealcanar.com\\\/?s={search_term_string}\"},\"query-input\":{\"@type\":\"PropertyValueSpecification\",\"valueRequired\":true,\"valueName\":\"search_term_string\"}}],\"inLanguage\":\"es\"},{\"@type\":\"Organization\",\"@id\":\"https:\\\/\\\/www.naranjasdealcanar.com\\\/#organization\",\"name\":\"Naranjas de Alcanar\",\"url\":\"https:\\\/\\\/www.naranjasdealcanar.com\\\/\",\"logo\":{\"@type\":\"ImageObject\",\"inLanguage\":\"es\",\"@id\":\"https:\\\/\\\/www.naranjasdealcanar.com\\\/#\\\/schema\\\/logo\\\/image\\\/\",\"url\":\"https:\\\/\\\/www.naranjasdealcanar.com\\\/wp-content\\\/uploads\\\/2022\\\/11\\\/cropped-logo-pestanya.png\",\"contentUrl\":\"https:\\\/\\\/www.naranjasdealcanar.com\\\/wp-content\\\/uploads\\\/2022\\\/11\\\/cropped-logo-pestanya.png\",\"width\":512,\"height\":512,\"caption\":\"Naranjas de Alcanar\"},\"image\":{\"@id\":\"https:\\\/\\\/www.naranjasdealcanar.com\\\/#\\\/schema\\\/logo\\\/image\\\/\"},\"sameAs\":[\"https:\\\/\\\/www.instagram.com\\\/naranjasdealcanar\\\/\",\"https:\\\/\\\/www.linkedin.com\\\/company\\\/naranjas-de-alcanar\\\/\"]}]}<\/script>\n<!-- \/ Yoast SEO plugin. -->","yoast_head_json":{"title":"Mandarina Clementina 10Kg - Naranjas de Alcanar","robots":{"index":"index","follow":"follow","max-snippet":"max-snippet:-1","max-image-preview":"max-image-preview:large","max-video-preview":"max-video-preview:-1"},"canonical":"https:\/\/www.naranjasdealcanar.com\/es\/comprar-online\/mandarina-clementina-10kg\/","og_locale":"es_ES","og_type":"article","og_title":"Mandarina Clementina 10Kg - Naranjas de Alcanar","og_description":"Caja de 10 kg aprox. de mandarina clementina.","og_url":"https:\/\/www.naranjasdealcanar.com\/es\/comprar-online\/mandarina-clementina-10kg\/","og_site_name":"Naranjas de Alcanar","article_modified_time":"2025-12-09T07:52:28+00:00","og_image":[{"width":700,"height":700,"url":"https:\/\/www.naranjasdealcanar.com\/wp-content\/uploads\/2024\/11\/clementines-optim.jpg","type":"image\/jpeg"}],"twitter_card":"summary_large_image","twitter_misc":{"Tiempo de lectura":"1 minuto"},"schema":{"@context":"https:\/\/schema.org","@graph":[{"@type":"WebPage","@id":"https:\/\/www.naranjasdealcanar.com\/es\/comprar-online\/mandarina-clementina-10kg\/","url":"https:\/\/www.naranjasdealcanar.com\/es\/comprar-online\/mandarina-clementina-10kg\/","name":"Mandarina Clementina 10Kg - Naranjas de Alcanar","isPartOf":{"@id":"https:\/\/www.naranjasdealcanar.com\/#website"},"primaryImageOfPage":{"@id":"https:\/\/www.naranjasdealcanar.com\/es\/comprar-online\/mandarina-clementina-10kg\/#primaryimage"},"image":{"@id":"https:\/\/www.naranjasdealcanar.com\/es\/comprar-online\/mandarina-clementina-10kg\/#primaryimage"},"thumbnailUrl":"https:\/\/www.naranjasdealcanar.com\/wp-content\/uploads\/2024\/11\/clementines-optim.jpg","datePublished":"2022-09-29T09:55:03+00:00","dateModified":"2025-12-09T07:52:28+00:00","breadcrumb":{"@id":"https:\/\/www.naranjasdealcanar.com\/es\/comprar-online\/mandarina-clementina-10kg\/#breadcrumb"},"inLanguage":"es","potentialAction":[{"@type":"ReadAction","target":["https:\/\/www.naranjasdealcanar.com\/es\/comprar-online\/mandarina-clementina-10kg\/"]}]},{"@type":"ImageObject","inLanguage":"es","@id":"https:\/\/www.naranjasdealcanar.com\/es\/comprar-online\/mandarina-clementina-10kg\/#primaryimage","url":"https:\/\/www.naranjasdealcanar.com\/wp-content\/uploads\/2024\/11\/clementines-optim.jpg","contentUrl":"https:\/\/www.naranjasdealcanar.com\/wp-content\/uploads\/2024\/11\/clementines-optim.jpg","width":700,"height":700},{"@type":"BreadcrumbList","@id":"https:\/\/www.naranjasdealcanar.com\/es\/comprar-online\/mandarina-clementina-10kg\/#breadcrumb","itemListElement":[{"@type":"ListItem","position":1,"name":"Portada","item":"https:\/\/www.naranjasdealcanar.com\/"},{"@type":"ListItem","position":2,"name":"Comprar online","item":"https:\/\/www.naranjasdealcanar.com\/es\/comprar-online\/"},{"@type":"ListItem","position":3,"name":"Mandarina Clementina 10Kg"}]},{"@type":"WebSite","@id":"https:\/\/www.naranjasdealcanar.com\/#website","url":"https:\/\/www.naranjasdealcanar.com\/","name":"Naranjas de Alcanar","description":"Comprar naranjas y mandarinas clementinas naturales, frescas y de calidad. Naranjas de Alcanar. C\u00edtricos y fruta fresca de Alcanar. Del \u00e1rbol a casa en 24 h.","publisher":{"@id":"https:\/\/www.naranjasdealcanar.com\/#organization"},"potentialAction":[{"@type":"SearchAction","target":{"@type":"EntryPoint","urlTemplate":"https:\/\/www.naranjasdealcanar.com\/?s={search_term_string}"},"query-input":{"@type":"PropertyValueSpecification","valueRequired":true,"valueName":"search_term_string"}}],"inLanguage":"es"},{"@type":"Organization","@id":"https:\/\/www.naranjasdealcanar.com\/#organization","name":"Naranjas de Alcanar","url":"https:\/\/www.naranjasdealcanar.com\/","logo":{"@type":"ImageObject","inLanguage":"es","@id":"https:\/\/www.naranjasdealcanar.com\/#\/schema\/logo\/image\/","url":"https:\/\/www.naranjasdealcanar.com\/wp-content\/uploads\/2022\/11\/cropped-logo-pestanya.png","contentUrl":"https:\/\/www.naranjasdealcanar.com\/wp-content\/uploads\/2022\/11\/cropped-logo-pestanya.png","width":512,"height":512,"caption":"Naranjas de Alcanar"},"image":{"@id":"https:\/\/www.naranjasdealcanar.com\/#\/schema\/logo\/image\/"},"sameAs":["https:\/\/www.instagram.com\/naranjasdealcanar\/","https:\/\/www.linkedin.com\/company\/naranjas-de-alcanar\/"]}]}},"_links":{"self":[{"href":"https:\/\/www.naranjasdealcanar.com\/es\/wp-json\/wp\/v2\/product\/6111","targetHints":{"allow":["GET"]}}],"collection":[{"href":"https:\/\/www.naranjasdealcanar.com\/es\/wp-json\/wp\/v2\/product"}],"about":[{"href":"https:\/\/www.naranjasdealcanar.com\/es\/wp-json\/wp\/v2\/types\/product"}],"version-history":[{"count":2,"href":"https:\/\/www.naranjasdealcanar.com\/es\/wp-json\/wp\/v2\/product\/6111\/revisions"}],"predecessor-version":[{"id":13252,"href":"https:\/\/www.naranjasdealcanar.com\/es\/wp-json\/wp\/v2\/product\/6111\/revisions\/13252"}],"wp:featuredmedia":[{"embeddable":true,"href":"https:\/\/www.naranjasdealcanar.com\/es\/wp-json\/wp\/v2\/media\/13185"}],"wp:attachment":[{"href":"https:\/\/www.naranjasdealcanar.com\/es\/wp-json\/wp\/v2\/media?parent=6111"}],"wp:term":[{"taxonomy":"product_cat","embeddable":true,"href":"https:\/\/www.naranjasdealcanar.com\/es\/wp-json\/wp\/v2\/product_cat?post=6111"},{"taxonomy":"product_tag","embeddable":true,"href":"https:\/\/www.naranjasdealcanar.com\/es\/wp-json\/wp\/v2\/product_tag?post=6111"}],"curies":[{"name":"wp","href":"https:\/\/api.w.org\/{rel}","templated":true}]}}